{"id":301,"date":"2024-03-19T16:43:25","date_gmt":"2024-03-19T15:43:25","guid":{"rendered":"https:\/\/petrostrategies.eu\/?page_id=301"},"modified":"2024-04-09T09:18:03","modified_gmt":"2024-04-09T07:18:03","slug":"mentions-legales","status":"publish","type":"page","link":"https:\/\/petrostrategies.eu\/en\/mentions-legales\/","title":{"rendered":"Legal notices"},"content":{"rendered":"<div data-elementor-type=\"wp-page\" data-elementor-id=\"301\" class=\"elementor elementor-301\" data-elementor-post-type=\"page\">\n\t\t\t\t<div class=\"elementor-element elementor-element-ccb343e e-flex e-con-boxed e-con e-parent\" data-id=\"ccb343e\" data-element_type=\"container\" data-e-type=\"container\">\n\t\t\t\t\t<div class=\"e-con-inner\">\n\t\t\t\t<div class=\"elementor-element elementor-element-8325cca elementor-widget elementor-widget-heading\" data-id=\"8325cca\" data-element_type=\"widget\" data-e-type=\"widget\" data-widget_type=\"heading.default\">\n\t\t\t\t<div class=\"elementor-widget-container\">\n\t\t\t\t\t<h1 class=\"elementor-heading-title elementor-size-default\">Legal notices<\/h1>\t\t\t\t<\/div>\n\t\t\t\t<\/div>\n\t\t\t\t<div class=\"elementor-element elementor-element-e6cd615 elementor-widget elementor-widget-text-editor\" data-id=\"e6cd615\" data-element_type=\"widget\" data-e-type=\"widget\" data-widget_type=\"text-editor.default\">\n\t\t\t\t<div class=\"elementor-widget-container\">\n\t\t\t\t\t\t\t\t\t<p>According to the provisions of Articles 6-III and 19 of Law No. 2004-575 of June 21, 2004, known as the Digital Economy Trust Law (L.C.E.N.), Users of the website www.petrostrategies.fr are hereby informed of these legal notices. The connection and navigation on the website www.petrostrategies.fr by the user implies the full and unconditional acceptance of these legal notices.<\/p>\n<p>N\u00b0 CPPAP : 0624 W 93939<br>ISSN number: 0298-6019 Petrostrategies (French edition) <br>ISSN number: 0298-6027 Petrostrategies (English edition)<\/p>\n<h2>Publisher<\/h2>\n<p>L\u2019\u00e9dition du site www.petrostrategies.fr est assur\u00e9e par la Soci\u00e9t\u00e9 ENERSTRATEGIES, soci\u00e9t\u00e9 par actions simplifi\u00e9e unipersonnelle au capital social de 38112.25 \u20ac, dont le si\u00e8ge social est situ\u00e9 au 61 rue de Lyon &#8211; 75012 Paris, immatricul\u00e9e au Registre du Commerce et des Soci\u00e9t\u00e9s de Paris sous le num\u00e9ro 333 761 849, repr\u00e9sent\u00e9e par ALCALINE agissant et ayant les pouvoirs n\u00e9cessaires en tant que pr\u00e9sident.<\/p>\n<h2>The hosting<\/h2>\n<p>The hosting provider of the website www.petrostrategies.fr is HOSTINGER, with headquarters at HOSTINGER INTERNATIONAL LTD, 61 Lordou Vironos Street, 6023 Larnaca, Cyprus, reachable via the following means: https:\/\/www.hostinger.fr\/contact.<\/p>\n<h2>Access to the website<\/h2>\n<p>The website is accessible from anywhere, 7 days a week, 24 hours a day, except in cases of force majeure, scheduled or unscheduled interruptions, and those resulting from maintenance requirements. In case of modification, interruption, or suspension of services, ENERSTRATEGIES cannot be held responsible.<\/p>\n<h2>Cookies<\/h2>\n<p>The user is informed that during visits to the website, a cookie may be automatically installed on their browsing software. By browsing the site, they accept them. A cookie is a piece of data that does not identify the user but is used to record information about their browsing on the website. The user can disable this cookie through the settings within their browsing software.<\/p>\n<h2>Terms and Conditions of Use<\/h2>\n<p>These \"General Terms of Use\" (hereinafter \"Terms\") aim to define the conditions under which any user can use the services provided by the company ENERSTRATEGIES via the website www.petrostrategies.fr. These Terms apply to all users of the site. These Terms may be modified by ENERSTRATEGIES whenever it deems necessary, which the user expressly accepts in advance.<\/p>\n<h2>User Responsibility<\/h2>\n<p>No limitation of liability or warranty is granted to the user for any breach of its obligations arising from these General Terms of Use. Consequently, the user will be responsible for any damage, including direct, indirect, consequential, special, or incidental damages, physical and\/or moral, material and\/or immaterial, that they may cause to other Parties or third parties through the use of the Services or connection to the site. ENERSTRATEGIES makes every effort to ensure the accuracy of the information content disseminated on the site. However, it is the sole responsibility of users to verify the information disseminated, and ENERSTRATEGIES does not provide any guarantee in this regard. Its liability could not be incurred in case of inaccuracy or incompleteness of information appearing on the site.<\/p>\n<h2>Breach of these Terms of Use<\/h2>\n<p>Any use of the site and its features contrary to their purpose and objectives is strictly prohibited and constitutes a breach of these Terms of Use. Such breach may result in the suspension of the user's account, either temporarily or permanently, at the discretion of ENERSTRATEGIES.<\/p>\n<h2>Right to Use Online Services<\/h2>\n<p>The user agrees to provide accurate information during registration and any online formalities, as this information is necessary for the proper functioning of the site, the execution of services, and the proper application of pricing conditions. The user agrees not to create a false identity that could mislead ENERSTRATEGIES or third parties.<\/p>\n<h2>Online Services<\/h2>\n<p>ENERSTRATEGIES provides or may provide through its website the following services to the user:\n- Consultation of various content and information.\n- Use of transactional features: paid subscriptions, partnerships, and invitations. These transactional features are subject to specific conditions.<\/p>\n<h2>Proper Use of the Website<\/h2>\n<p>Every user agrees to use the website and its features without attempting to bypass the technical security and protection devices. They undertake not to disrupt or paralyze its operation. Any user found responsible for infecting all or part of the site with viruses or any other disruptive technical device agrees to bear all consequences, particularly financial, towards ENERSTRATEGIES or any third party affected. ENERSTRATEGIES may decide to block the dissemination or proceed with the deletion of any content uploaded online that would contravene:\n- French laws and regulations, international treaties, common decency;\n- the proper functioning of the site;\n- the legitimate interests of partners, contributors, other users, or third parties;\n- the image, reputation, and interests of ENERSTRATEGIES, its partners, and clients. ENERSTRATEGIES cannot be held liable or obliged to provide any compensation in this regard.<\/p>\n<h2>Intellectual Property<\/h2>\n<p>Any use, reproduction, distribution, commercialization, or modification of all or part of the website www.petrostrategies.fr without the publisher's authorization is prohibited and may result in legal action and prosecution as provided for by the Intellectual Property Code and the Civil Code.&nbsp;<\/p>\n<h2>Applicable Law - Contractual Language<\/h2>\n<p>The Terms of Use of the Website are governed by French law, regardless of the user's nationality. The language for reading, understanding, and interpreting the Terms of Use is French.<\/p>\t\t\t\t\t\t\t\t<\/div>\n\t\t\t\t<\/div>\n\t\t\t\t\t<\/div>\n\t\t\t\t<\/div>\n\t\t\t\t<\/div>","protected":false},"excerpt":{"rendered":"<p>Mentions l\u00e9gales Conform\u00e9ment aux dispositions des Articles 6-III et 19 de la Loi n\u00b02004-575 du 21 juin 2004 pour la Confiance dans l\u2019\u00e9conomie num\u00e9rique, dite L.C.E.N., il est port\u00e9 \u00e0 la connaissance des Utilisateurs du site www.petrostrategies.fr les pr\u00e9sentes mentions l\u00e9gales. La connexion et la navigation sur le site www.petrostrategies.fr par l\u2019utilisateur implique l\u2019acceptation int\u00e9grale [&hellip;]<\/p>\n","protected":false},"author":1,"featured_media":0,"parent":0,"menu_order":0,"comment_status":"closed","ping_status":"closed","template":"","meta":{"footnotes":""},"class_list":["post-301","page","type-page","status-publish","hentry"],"yoast_head":"<!-- This site is optimized with the Yoast SEO plugin v27.0 - https:\/\/yoast.com\/product\/yoast-seo-wordpress\/ -->\n<title>Mentions l\u00e9gales - Petrostrategies<\/title>\n<meta name=\"robots\" content=\"index, follow, max-snippet:-1, max-image-preview:large, max-video-preview:-1\" \/>\n<link rel=\"canonical\" href=\"https:\/\/petrostrategies.eu\/en\/mentions-legales\/\" \/>\n<meta property=\"og:locale\" content=\"en_GB\" \/>\n<meta property=\"og:type\" content=\"article\" \/>\n<meta property=\"og:title\" content=\"Mentions l\u00e9gales - Petrostrategies\" \/>\n<meta property=\"og:description\" content=\"Mentions l\u00e9gales Conform\u00e9ment aux dispositions des Articles 6-III et 19 de la Loi n\u00b02004-575 du 21 juin 2004 pour la Confiance dans l\u2019\u00e9conomie num\u00e9rique, dite L.C.E.N., il est port\u00e9 \u00e0 la connaissance des Utilisateurs du site www.petrostrategies.fr les pr\u00e9sentes mentions l\u00e9gales. La connexion et la navigation sur le site www.petrostrategies.fr par l\u2019utilisateur implique l\u2019acceptation int\u00e9grale [&hellip;]\" \/>\n<meta property=\"og:url\" content=\"https:\/\/petrostrategies.eu\/en\/mentions-legales\/\" \/>\n<meta property=\"og:site_name\" content=\"Petrostrategies\" \/>\n<meta property=\"article:modified_time\" content=\"2024-04-09T07:18:03+00:00\" \/>\n<meta property=\"og:image\" content=\"https:\/\/petrostrategies.eu\/wp-content\/uploads\/2024\/03\/ccFree_A4_Floating_Brochure_Mockup_2.png\" \/>\n\t<meta property=\"og:image:width\" content=\"1000\" \/>\n\t<meta property=\"og:image:height\" content=\"750\" \/>\n\t<meta property=\"og:image:type\" content=\"image\/png\" \/>\n<meta name=\"twitter:card\" content=\"summary_large_image\" \/>\n<meta name=\"twitter:label1\" content=\"Estimated reading time\" \/>\n\t<meta name=\"twitter:data1\" content=\"5 minutes\" \/>\n<script type=\"application\/ld+json\" class=\"yoast-schema-graph\">{\"@context\":\"https:\/\/schema.org\",\"@graph\":[{\"@type\":\"WebPage\",\"@id\":\"https:\/\/petrostrategies.eu\/mentions-legales\/\",\"url\":\"https:\/\/petrostrategies.eu\/mentions-legales\/\",\"name\":\"Mentions l\u00e9gales - Petrostrategies\",\"isPartOf\":{\"@id\":\"https:\/\/petrostrategies.eu\/#website\"},\"datePublished\":\"2024-03-19T15:43:25+00:00\",\"dateModified\":\"2024-04-09T07:18:03+00:00\",\"breadcrumb\":{\"@id\":\"https:\/\/petrostrategies.eu\/mentions-legales\/#breadcrumb\"},\"inLanguage\":\"en-GB\",\"potentialAction\":[{\"@type\":\"ReadAction\",\"target\":[\"https:\/\/petrostrategies.eu\/mentions-legales\/\"]}]},{\"@type\":\"BreadcrumbList\",\"@id\":\"https:\/\/petrostrategies.eu\/mentions-legales\/#breadcrumb\",\"itemListElement\":[{\"@type\":\"ListItem\",\"position\":1,\"name\":\"Accueil\",\"item\":\"https:\/\/petrostrategies.eu\/\"},{\"@type\":\"ListItem\",\"position\":2,\"name\":\"Mentions l\u00e9gales\"}]},{\"@type\":\"WebSite\",\"@id\":\"https:\/\/petrostrategies.eu\/#website\",\"url\":\"https:\/\/petrostrategies.eu\/\",\"name\":\"PETROSTRATEGIES\",\"description\":\"Une capacit\u00e9 d\u2019analyse et d\u2019information sur l\u2019\u00e9nergie au service du d\u00e9cideur\",\"publisher\":{\"@id\":\"https:\/\/petrostrategies.eu\/#organization\"},\"potentialAction\":[{\"@type\":\"SearchAction\",\"target\":{\"@type\":\"EntryPoint\",\"urlTemplate\":\"https:\/\/petrostrategies.eu\/?s={search_term_string}\"},\"query-input\":{\"@type\":\"PropertyValueSpecification\",\"valueRequired\":true,\"valueName\":\"search_term_string\"}}],\"inLanguage\":\"en-GB\"},{\"@type\":\"Organization\",\"@id\":\"https:\/\/petrostrategies.eu\/#organization\",\"name\":\"PETROSTRATEGIES\",\"url\":\"https:\/\/petrostrategies.eu\/\",\"logo\":{\"@type\":\"ImageObject\",\"inLanguage\":\"en-GB\",\"@id\":\"https:\/\/petrostrategies.eu\/#\/schema\/logo\/image\/\",\"url\":\"https:\/\/petrostrategies.eu\/wp-content\/uploads\/2024\/03\/logo_petrostrategies.png\",\"contentUrl\":\"https:\/\/petrostrategies.eu\/wp-content\/uploads\/2024\/03\/logo_petrostrategies.png\",\"width\":562,\"height\":77,\"caption\":\"PETROSTRATEGIES\"},\"image\":{\"@id\":\"https:\/\/petrostrategies.eu\/#\/schema\/logo\/image\/\"}}]}<\/script>\n<!-- \/ Yoast SEO plugin. -->","yoast_head_json":{"title":"Mentions l\u00e9gales - Petrostrategies","robots":{"index":"index","follow":"follow","max-snippet":"max-snippet:-1","max-image-preview":"max-image-preview:large","max-video-preview":"max-video-preview:-1"},"canonical":"https:\/\/petrostrategies.eu\/en\/mentions-legales\/","og_locale":"en_GB","og_type":"article","og_title":"Mentions l\u00e9gales - Petrostrategies","og_description":"Mentions l\u00e9gales Conform\u00e9ment aux dispositions des Articles 6-III et 19 de la Loi n\u00b02004-575 du 21 juin 2004 pour la Confiance dans l\u2019\u00e9conomie num\u00e9rique, dite L.C.E.N., il est port\u00e9 \u00e0 la connaissance des Utilisateurs du site www.petrostrategies.fr les pr\u00e9sentes mentions l\u00e9gales. La connexion et la navigation sur le site www.petrostrategies.fr par l\u2019utilisateur implique l\u2019acceptation int\u00e9grale [&hellip;]","og_url":"https:\/\/petrostrategies.eu\/en\/mentions-legales\/","og_site_name":"Petrostrategies","article_modified_time":"2024-04-09T07:18:03+00:00","og_image":[{"width":1000,"height":750,"url":"https:\/\/petrostrategies.eu\/wp-content\/uploads\/2024\/03\/ccFree_A4_Floating_Brochure_Mockup_2.png","type":"image\/png"}],"twitter_card":"summary_large_image","twitter_misc":{"Estimated reading time":"5 minutes"},"schema":{"@context":"https:\/\/schema.org","@graph":[{"@type":"WebPage","@id":"https:\/\/petrostrategies.eu\/mentions-legales\/","url":"https:\/\/petrostrategies.eu\/mentions-legales\/","name":"Mentions l\u00e9gales - Petrostrategies","isPartOf":{"@id":"https:\/\/petrostrategies.eu\/#website"},"datePublished":"2024-03-19T15:43:25+00:00","dateModified":"2024-04-09T07:18:03+00:00","breadcrumb":{"@id":"https:\/\/petrostrategies.eu\/mentions-legales\/#breadcrumb"},"inLanguage":"en-GB","potentialAction":[{"@type":"ReadAction","target":["https:\/\/petrostrategies.eu\/mentions-legales\/"]}]},{"@type":"BreadcrumbList","@id":"https:\/\/petrostrategies.eu\/mentions-legales\/#breadcrumb","itemListElement":[{"@type":"ListItem","position":1,"name":"Accueil","item":"https:\/\/petrostrategies.eu\/"},{"@type":"ListItem","position":2,"name":"Mentions l\u00e9gales"}]},{"@type":"WebSite","@id":"https:\/\/petrostrategies.eu\/#website","url":"https:\/\/petrostrategies.eu\/","name":"PETROSTRATEGIES","description":"Une capacit\u00e9 d\u2019analyse et d\u2019information sur l\u2019\u00e9nergie au service du d\u00e9cideur","publisher":{"@id":"https:\/\/petrostrategies.eu\/#organization"},"potentialAction":[{"@type":"SearchAction","target":{"@type":"EntryPoint","urlTemplate":"https:\/\/petrostrategies.eu\/?s={search_term_string}"},"query-input":{"@type":"PropertyValueSpecification","valueRequired":true,"valueName":"search_term_string"}}],"inLanguage":"en-GB"},{"@type":"Organization","@id":"https:\/\/petrostrategies.eu\/#organization","name":"PETROSTRATEGIES","url":"https:\/\/petrostrategies.eu\/","logo":{"@type":"ImageObject","inLanguage":"en-GB","@id":"https:\/\/petrostrategies.eu\/#\/schema\/logo\/image\/","url":"https:\/\/petrostrategies.eu\/wp-content\/uploads\/2024\/03\/logo_petrostrategies.png","contentUrl":"https:\/\/petrostrategies.eu\/wp-content\/uploads\/2024\/03\/logo_petrostrategies.png","width":562,"height":77,"caption":"PETROSTRATEGIES"},"image":{"@id":"https:\/\/petrostrategies.eu\/#\/schema\/logo\/image\/"}}]}},"_links":{"self":[{"href":"https:\/\/petrostrategies.eu\/en\/wp-json\/wp\/v2\/pages\/301","targetHints":{"allow":["GET"]}}],"collection":[{"href":"https:\/\/petrostrategies.eu\/en\/wp-json\/wp\/v2\/pages"}],"about":[{"href":"https:\/\/petrostrategies.eu\/en\/wp-json\/wp\/v2\/types\/page"}],"author":[{"embeddable":true,"href":"https:\/\/petrostrategies.eu\/en\/wp-json\/wp\/v2\/users\/1"}],"replies":[{"embeddable":true,"href":"https:\/\/petrostrategies.eu\/en\/wp-json\/wp\/v2\/comments?post=301"}],"version-history":[{"count":22,"href":"https:\/\/petrostrategies.eu\/en\/wp-json\/wp\/v2\/pages\/301\/revisions"}],"predecessor-version":[{"id":655,"href":"https:\/\/petrostrategies.eu\/en\/wp-json\/wp\/v2\/pages\/301\/revisions\/655"}],"wp:attachment":[{"href":"https:\/\/petrostrategies.eu\/en\/wp-json\/wp\/v2\/media?parent=301"}],"curies":[{"name":"wp","href":"https:\/\/api.w.org\/{rel}","templated":true}]}}