{"id":3,"date":"2024-03-18T10:51:36","date_gmt":"2024-03-18T09:51:36","guid":{"rendered":"https:\/\/petrostrategies.eu\/?page_id=3"},"modified":"2025-11-03T14:55:22","modified_gmt":"2025-11-03T13:55:22","slug":"politique-de-confidentialite","status":"publish","type":"page","link":"https:\/\/petrostrategies.eu\/en\/politique-de-confidentialite\/","title":{"rendered":"Politique de confidentialit\u00e9"},"content":{"rendered":"<div data-elementor-type=\"wp-page\" data-elementor-id=\"3\" class=\"elementor elementor-3\" data-elementor-post-type=\"page\">\n\t\t\t\t<div class=\"elementor-element elementor-element-1f74eeba e-flex e-con-boxed e-con e-parent\" data-id=\"1f74eeba\" data-element_type=\"container\" data-e-type=\"container\">\n\t\t\t\t\t<div class=\"e-con-inner\">\n\t\t\t\t<div class=\"elementor-element elementor-element-9a03dec elementor-widget elementor-widget-text-editor\" data-id=\"9a03dec\" data-element_type=\"widget\" data-e-type=\"widget\" data-widget_type=\"text-editor.default\">\n\t\t\t\t<div class=\"elementor-widget-container\">\n\t\t\t\t\t\t\t\t\t<h1><strong>Privacy Policy<\/strong><\/h1><p>Cette Politique de Confidentialit\u00e9 r\u00e9git la mani\u00e8re dont ENERSTRATEGIES collecte, utilise, maintient et divulgue les informations collect\u00e9es aupr\u00e8s des utilisateurs (chacun, un \u00ab\u00a0Utilisateur\u00a0\u00bb) du site <a href=\"https:\/\/petrostrategies.eu\/en\/\" target=\"_new\">www.petrostrategies.fr<\/a> (\u00ab\u00a0Site\u00a0\u00bb). Cette politique de confidentialit\u00e9 s&rsquo;applique au Site et \u00e0 tous les produits et services propos\u00e9s par ENERSTRATEGIES.<\/p><p><strong>Informations de contact<\/strong><\/p><p>Si vous avez des questions concernant cette politique de confidentialit\u00e9, les pratiques du Site ou vos relations avec ce Site, veuillez nous contacter \u00e0 l&rsquo;adresse suivante :<\/p><p>ENERSTRATEGIES<br \/>61 rue de Lyon<br \/>75012 Paris<br \/>France<\/p><p><strong>Collecte d&rsquo;informations personnelles<\/strong><\/p><p>Nous pouvons collecter des informations personnelles aupr\u00e8s des Utilisateurs de diff\u00e9rentes mani\u00e8res, notamment, mais sans s&rsquo;y limiter, lorsque les Utilisateurs visitent notre site, s&rsquo;inscrivent sur le site, remplissent un formulaire, et en relation avec d&rsquo;autres activit\u00e9s, services, fonctionnalit\u00e9s ou ressources que nous mettons \u00e0 disposition sur notre Site. Les Utilisateurs peuvent \u00eatre invit\u00e9s \u00e0 fournir leur nom, leur adresse e-mail, leur num\u00e9ro de t\u00e9l\u00e9phone et d&rsquo;autres informations pertinentes.<\/p><p><strong>Utilisation des informations collect\u00e9es<\/strong><\/p><p>Nous pouvons collecter et utiliser les informations personnelles des Utilisateurs pour les motifs suivants :<\/p><ul><li>Pour traiter les demandes d&rsquo;abonnement ou d&rsquo;offre d&rsquo;essai.<\/li><li>Pour am\u00e9liorer notre service client : vos informations nous aident \u00e0 r\u00e9pondre de mani\u00e8re plus efficace \u00e0 vos demandes d&rsquo;assistance et de support.<\/li><li>Pour personnaliser l&rsquo;exp\u00e9rience utilisateur : nous pouvons utiliser les informations en agr\u00e9g\u00e9 pour comprendre comment nos Utilisateurs utilisent les services et ressources fournis sur notre Site.<\/li><li>Pour envoyer des e-mails p\u00e9riodiques : nous pouvons utiliser l&rsquo;adresse e-mail pour envoyer des informations et mises \u00e0 jour relatives \u00e0 votre demande d&rsquo;abonnement ou d&rsquo;offre d&rsquo;essai. Elle peut \u00e9galement \u00eatre utilis\u00e9e pour r\u00e9pondre \u00e0 vos questions, demandes et\/ou autres demandes.<\/li><\/ul><p><strong>Protection de vos informations<\/strong><\/p><p>Nous adoptons des pratiques appropri\u00e9es de collecte, de stockage et de traitement des donn\u00e9es et des mesures de s\u00e9curit\u00e9 pour prot\u00e9ger contre tout acc\u00e8s non autoris\u00e9, alt\u00e9ration, divulgation ou destruction de vos informations personnelles, nom d&rsquo;utilisateur, mot de passe, informations de transaction et donn\u00e9es stock\u00e9es sur notre Site.<\/p><p><strong>Partage de vos informations personnelles<\/strong><\/p><p>Nous ne vendons, n&rsquo;\u00e9changeons pas et ne louons pas les informations d&rsquo;identification personnelle des Utilisateurs \u00e0 d&rsquo;autres. Nous pouvons partager des informations d\u00e9mographiques agr\u00e9g\u00e9es g\u00e9n\u00e9riques non li\u00e9es \u00e0 des informations d&rsquo;identification personnelle concernant les visiteurs et les utilisateurs avec nos partenaires commerciaux, affili\u00e9s de confiance et annonceurs \u00e0 des fins d\u00e9crites ci-dessus.<\/p><p><strong>Acceptation de ces termes<\/strong><\/p><p>En utilisant ce Site, vous signifiez votre acceptation de cette politique. Si vous n&rsquo;acceptez pas cette politique, veuillez ne pas utiliser notre Site. Votre utilisation continue du Site apr\u00e8s l&rsquo;affichage de modifications de cette politique sera consid\u00e9r\u00e9e comme votre acceptation de ces modifications.<\/p><p><strong>Mise \u00e0 jour de cette politique<\/strong><\/p><p>ENERSTRATEGIES se r\u00e9serve le droit de mettre \u00e0 jour cette politique de confidentialit\u00e9 \u00e0 tout moment. Nous vous encourageons \u00e0 consulter fr\u00e9quemment cette page pour rester inform\u00e9 des modifications. Vous reconnaissez et acceptez qu&rsquo;il est de votre responsabilit\u00e9 de v\u00e9rifier p\u00e9riodiquement cette politique de confidentialit\u00e9 et de vous informer des modifications.<\/p><p><strong>Votre consentement<\/strong><\/p><p>En utilisant notre Site, vous consentez \u00e0 notre politique de confidentialit\u00e9.<\/p>\t\t\t\t\t\t\t\t<\/div>\n\t\t\t\t<\/div>\n\t\t\t\t\t<\/div>\n\t\t\t\t<\/div>\n\t\t\t\t<\/div>","protected":false},"excerpt":{"rendered":"<p>Politique de Confidentialit\u00e9 Cette Politique de Confidentialit\u00e9 r\u00e9git la mani\u00e8re dont ENERSTRATEGIES collecte, utilise, maintient et divulgue les informations collect\u00e9es aupr\u00e8s des utilisateurs (chacun, un \u00ab\u00a0Utilisateur\u00a0\u00bb) du site www.petrostrategies.fr (\u00ab\u00a0Site\u00a0\u00bb). Cette politique de confidentialit\u00e9 s&rsquo;applique au Site et \u00e0 tous les produits et services propos\u00e9s par ENERSTRATEGIES. Informations de contact Si vous avez des questions [&hellip;]<\/p>\n","protected":false},"author":1,"featured_media":0,"parent":0,"menu_order":0,"comment_status":"closed","ping_status":"open","template":"","meta":{"footnotes":""},"class_list":["post-3","page","type-page","status-publish","hentry"],"yoast_head":"<!-- This site is optimized with the Yoast SEO plugin v27.0 - https:\/\/yoast.com\/product\/yoast-seo-wordpress\/ -->\n<title>Politique de confidentialit\u00e9 - Petrostrategies<\/title>\n<meta name=\"robots\" content=\"index, follow, max-snippet:-1, max-image-preview:large, max-video-preview:-1\" \/>\n<link rel=\"canonical\" href=\"https:\/\/petrostrategies.eu\/en\/politique-de-confidentialite\/\" \/>\n<meta property=\"og:locale\" content=\"en_GB\" \/>\n<meta property=\"og:type\" content=\"article\" \/>\n<meta property=\"og:title\" content=\"Politique de confidentialit\u00e9 - Petrostrategies\" \/>\n<meta property=\"og:description\" content=\"Politique de Confidentialit\u00e9 Cette Politique de Confidentialit\u00e9 r\u00e9git la mani\u00e8re dont ENERSTRATEGIES collecte, utilise, maintient et divulgue les informations collect\u00e9es aupr\u00e8s des utilisateurs (chacun, un \u00ab\u00a0Utilisateur\u00a0\u00bb) du site www.petrostrategies.fr (\u00ab\u00a0Site\u00a0\u00bb). Cette politique de confidentialit\u00e9 s&rsquo;applique au Site et \u00e0 tous les produits et services propos\u00e9s par ENERSTRATEGIES. Informations de contact Si vous avez des questions [&hellip;]\" \/>\n<meta property=\"og:url\" content=\"https:\/\/petrostrategies.eu\/en\/politique-de-confidentialite\/\" \/>\n<meta property=\"og:site_name\" content=\"Petrostrategies\" \/>\n<meta property=\"article:modified_time\" content=\"2025-11-03T13:55:22+00:00\" \/>\n<meta property=\"og:image\" content=\"https:\/\/petrostrategies.eu\/wp-content\/uploads\/2024\/03\/ccFree_A4_Floating_Brochure_Mockup_2.png\" \/>\n\t<meta property=\"og:image:width\" content=\"1000\" \/>\n\t<meta property=\"og:image:height\" content=\"750\" \/>\n\t<meta property=\"og:image:type\" content=\"image\/png\" \/>\n<meta name=\"twitter:card\" content=\"summary_large_image\" \/>\n<meta name=\"twitter:label1\" content=\"Estimated reading time\" \/>\n\t<meta name=\"twitter:data1\" content=\"3 minutes\" \/>\n<script type=\"application\/ld+json\" class=\"yoast-schema-graph\">{\"@context\":\"https:\/\/schema.org\",\"@graph\":[{\"@type\":\"WebPage\",\"@id\":\"https:\/\/petrostrategies.eu\/politique-de-confidentialite\/\",\"url\":\"https:\/\/petrostrategies.eu\/politique-de-confidentialite\/\",\"name\":\"Politique de confidentialit\u00e9 - Petrostrategies\",\"isPartOf\":{\"@id\":\"https:\/\/petrostrategies.eu\/#website\"},\"datePublished\":\"2024-03-18T09:51:36+00:00\",\"dateModified\":\"2025-11-03T13:55:22+00:00\",\"breadcrumb\":{\"@id\":\"https:\/\/petrostrategies.eu\/politique-de-confidentialite\/#breadcrumb\"},\"inLanguage\":\"en-GB\",\"potentialAction\":[{\"@type\":\"ReadAction\",\"target\":[\"https:\/\/petrostrategies.eu\/politique-de-confidentialite\/\"]}]},{\"@type\":\"BreadcrumbList\",\"@id\":\"https:\/\/petrostrategies.eu\/politique-de-confidentialite\/#breadcrumb\",\"itemListElement\":[{\"@type\":\"ListItem\",\"position\":1,\"name\":\"Accueil\",\"item\":\"https:\/\/petrostrategies.eu\/\"},{\"@type\":\"ListItem\",\"position\":2,\"name\":\"Politique de confidentialit\u00e9\"}]},{\"@type\":\"WebSite\",\"@id\":\"https:\/\/petrostrategies.eu\/#website\",\"url\":\"https:\/\/petrostrategies.eu\/\",\"name\":\"PETROSTRATEGIES\",\"description\":\"Une capacit\u00e9 d\u2019analyse et d\u2019information sur l\u2019\u00e9nergie au service du d\u00e9cideur\",\"publisher\":{\"@id\":\"https:\/\/petrostrategies.eu\/#organization\"},\"potentialAction\":[{\"@type\":\"SearchAction\",\"target\":{\"@type\":\"EntryPoint\",\"urlTemplate\":\"https:\/\/petrostrategies.eu\/?s={search_term_string}\"},\"query-input\":{\"@type\":\"PropertyValueSpecification\",\"valueRequired\":true,\"valueName\":\"search_term_string\"}}],\"inLanguage\":\"en-GB\"},{\"@type\":\"Organization\",\"@id\":\"https:\/\/petrostrategies.eu\/#organization\",\"name\":\"PETROSTRATEGIES\",\"url\":\"https:\/\/petrostrategies.eu\/\",\"logo\":{\"@type\":\"ImageObject\",\"inLanguage\":\"en-GB\",\"@id\":\"https:\/\/petrostrategies.eu\/#\/schema\/logo\/image\/\",\"url\":\"https:\/\/petrostrategies.eu\/wp-content\/uploads\/2024\/03\/logo_petrostrategies.png\",\"contentUrl\":\"https:\/\/petrostrategies.eu\/wp-content\/uploads\/2024\/03\/logo_petrostrategies.png\",\"width\":562,\"height\":77,\"caption\":\"PETROSTRATEGIES\"},\"image\":{\"@id\":\"https:\/\/petrostrategies.eu\/#\/schema\/logo\/image\/\"}}]}<\/script>\n<!-- \/ Yoast SEO plugin. -->","yoast_head_json":{"title":"Politique de confidentialit\u00e9 - Petrostrategies","robots":{"index":"index","follow":"follow","max-snippet":"max-snippet:-1","max-image-preview":"max-image-preview:large","max-video-preview":"max-video-preview:-1"},"canonical":"https:\/\/petrostrategies.eu\/en\/politique-de-confidentialite\/","og_locale":"en_GB","og_type":"article","og_title":"Politique de confidentialit\u00e9 - Petrostrategies","og_description":"Politique de Confidentialit\u00e9 Cette Politique de Confidentialit\u00e9 r\u00e9git la mani\u00e8re dont ENERSTRATEGIES collecte, utilise, maintient et divulgue les informations collect\u00e9es aupr\u00e8s des utilisateurs (chacun, un \u00ab\u00a0Utilisateur\u00a0\u00bb) du site www.petrostrategies.fr (\u00ab\u00a0Site\u00a0\u00bb). Cette politique de confidentialit\u00e9 s&rsquo;applique au Site et \u00e0 tous les produits et services propos\u00e9s par ENERSTRATEGIES. Informations de contact Si vous avez des questions [&hellip;]","og_url":"https:\/\/petrostrategies.eu\/en\/politique-de-confidentialite\/","og_site_name":"Petrostrategies","article_modified_time":"2025-11-03T13:55:22+00:00","og_image":[{"width":1000,"height":750,"url":"https:\/\/petrostrategies.eu\/wp-content\/uploads\/2024\/03\/ccFree_A4_Floating_Brochure_Mockup_2.png","type":"image\/png"}],"twitter_card":"summary_large_image","twitter_misc":{"Estimated reading time":"3 minutes"},"schema":{"@context":"https:\/\/schema.org","@graph":[{"@type":"WebPage","@id":"https:\/\/petrostrategies.eu\/politique-de-confidentialite\/","url":"https:\/\/petrostrategies.eu\/politique-de-confidentialite\/","name":"Politique de confidentialit\u00e9 - Petrostrategies","isPartOf":{"@id":"https:\/\/petrostrategies.eu\/#website"},"datePublished":"2024-03-18T09:51:36+00:00","dateModified":"2025-11-03T13:55:22+00:00","breadcrumb":{"@id":"https:\/\/petrostrategies.eu\/politique-de-confidentialite\/#breadcrumb"},"inLanguage":"en-GB","potentialAction":[{"@type":"ReadAction","target":["https:\/\/petrostrategies.eu\/politique-de-confidentialite\/"]}]},{"@type":"BreadcrumbList","@id":"https:\/\/petrostrategies.eu\/politique-de-confidentialite\/#breadcrumb","itemListElement":[{"@type":"ListItem","position":1,"name":"Accueil","item":"https:\/\/petrostrategies.eu\/"},{"@type":"ListItem","position":2,"name":"Politique de confidentialit\u00e9"}]},{"@type":"WebSite","@id":"https:\/\/petrostrategies.eu\/#website","url":"https:\/\/petrostrategies.eu\/","name":"PETROSTRATEGIES","description":"Une capacit\u00e9 d\u2019analyse et d\u2019information sur l\u2019\u00e9nergie au service du d\u00e9cideur","publisher":{"@id":"https:\/\/petrostrategies.eu\/#organization"},"potentialAction":[{"@type":"SearchAction","target":{"@type":"EntryPoint","urlTemplate":"https:\/\/petrostrategies.eu\/?s={search_term_string}"},"query-input":{"@type":"PropertyValueSpecification","valueRequired":true,"valueName":"search_term_string"}}],"inLanguage":"en-GB"},{"@type":"Organization","@id":"https:\/\/petrostrategies.eu\/#organization","name":"PETROSTRATEGIES","url":"https:\/\/petrostrategies.eu\/","logo":{"@type":"ImageObject","inLanguage":"en-GB","@id":"https:\/\/petrostrategies.eu\/#\/schema\/logo\/image\/","url":"https:\/\/petrostrategies.eu\/wp-content\/uploads\/2024\/03\/logo_petrostrategies.png","contentUrl":"https:\/\/petrostrategies.eu\/wp-content\/uploads\/2024\/03\/logo_petrostrategies.png","width":562,"height":77,"caption":"PETROSTRATEGIES"},"image":{"@id":"https:\/\/petrostrategies.eu\/#\/schema\/logo\/image\/"}}]}},"_links":{"self":[{"href":"https:\/\/petrostrategies.eu\/en\/wp-json\/wp\/v2\/pages\/3","targetHints":{"allow":["GET"]}}],"collection":[{"href":"https:\/\/petrostrategies.eu\/en\/wp-json\/wp\/v2\/pages"}],"about":[{"href":"https:\/\/petrostrategies.eu\/en\/wp-json\/wp\/v2\/types\/page"}],"author":[{"embeddable":true,"href":"https:\/\/petrostrategies.eu\/en\/wp-json\/wp\/v2\/users\/1"}],"replies":[{"embeddable":true,"href":"https:\/\/petrostrategies.eu\/en\/wp-json\/wp\/v2\/comments?post=3"}],"version-history":[{"count":6,"href":"https:\/\/petrostrategies.eu\/en\/wp-json\/wp\/v2\/pages\/3\/revisions"}],"predecessor-version":[{"id":729,"href":"https:\/\/petrostrategies.eu\/en\/wp-json\/wp\/v2\/pages\/3\/revisions\/729"}],"wp:attachment":[{"href":"https:\/\/petrostrategies.eu\/en\/wp-json\/wp\/v2\/media?parent=3"}],"curies":[{"name":"wp","href":"https:\/\/api.w.org\/{rel}","templated":true}]}}